{"id":100,"date":"2023-09-12T22:23:01","date_gmt":"2023-09-13T01:23:01","guid":{"rendered":"https:\/\/hubintellectual.com\/?page_id=100"},"modified":"2023-09-12T22:23:05","modified_gmt":"2023-09-13T01:23:05","slug":"quem-somos","status":"publish","type":"page","link":"https:\/\/hubintellectual.com\/index.php\/quem-somos\/","title":{"rendered":"Quem Somos"},"content":{"rendered":"\n<p><strong>Nossa Dire\u00e7\u00e3o<\/strong> No &#8220;Hub Intellectual&#8221;, buscamos contribuir com os nossos leitores trazendo muita informa\u00e7\u00e3o bem como curiosidades sobre conhecimentos gerais, tecnologias e tutoriais. A cada dia, novas descobertas s\u00e3o feitas e inova\u00e7\u00f5es emergem, e queremos que voc\u00ea esteja na vanguarda dessa transforma\u00e7\u00e3o.<\/p>\n\n\n\n<p><strong>Destaques do Nosso Espa\u00e7o<\/strong><\/p>\n\n\n\n<ul class=\"wp-block-list\">\n<li><strong>Insights Profundos:<\/strong> Atrav\u00e9s de uma equipe de pensadores e analistas, trazemos artigos que desafiam o status quo, abordando t\u00f3picos que v\u00e3o desde as mais recentes ferramentas digitais at\u00e9 dilemas \u00e9ticos do mundo moderno.<\/li>\n\n\n\n<li><strong>Ferramentas Analisadas:<\/strong> No mundo digital, novas ferramentas surgem a todo momento. Deciframos para voc\u00ea quais valem a pena, tornando mais simples a tarefa de se manter atualizado e eficiente.<\/li>\n\n\n\n<li><strong>Conex\u00f5es Inteligentes:<\/strong> A comunica\u00e7\u00e3o \u00e9 a chave para o progresso. Encorajamos intera\u00e7\u00f5es significativas, dando espa\u00e7o para que nossos leitores compartilhem insights e fa\u00e7am questionamentos pertinentes.<\/li>\n\n\n\n<li><strong>Recursos e Capacita\u00e7\u00e3o:<\/strong> Nossos guias n\u00e3o s\u00e3o apenas informativos, s\u00e3o transformacionais. Com eles, equipamos voc\u00ea com o know-how necess\u00e1rio para agir com confian\u00e7a no cen\u00e1rio din\u00e2mico de hoje.<\/li>\n<\/ul>\n\n\n\n<p><strong>Compromisso com a Evolu\u00e7\u00e3o<\/strong> No &#8220;Hub Intellectual&#8221;, acreditamos que o progresso \u00e9 alimentado pelo entendimento. Nosso prop\u00f3sito central \u00e9 desmistificar o complexo e tornar o conhecimento acess\u00edvel e aplic\u00e1vel para todos. Em um mundo repleto de informa\u00e7\u00e3o, nosso compromisso \u00e9 com a clareza, a precis\u00e3o e a relev\u00e2ncia.<\/p>\n\n\n\n<p>Convidamos voc\u00ea a se juntar a n\u00f3s nesta cont\u00ednua jornada de descoberta e crescimento. Navegue pelas ondas da inova\u00e7\u00e3o e do intelecto conosco!<\/p>\n\n\n\n<p><strong>Time &#8220;Hub Intellectual<\/strong>&#8220;<\/p>\n","protected":false},"excerpt":{"rendered":"<p>Nossa Dire\u00e7\u00e3o No &#8220;Hub Intellectual&#8221;, buscamos contribuir com os nossos leitores trazendo muita informa\u00e7\u00e3o bem como curiosidades sobre conhecimentos gerais,<\/p>\n","protected":false},"author":2,"featured_media":0,"parent":0,"menu_order":0,"comment_status":"closed","ping_status":"closed","template":"","meta":{"footnotes":""},"class_list":["post-100","page","type-page","status-publish","hentry"],"jetpack_sharing_enabled":true,"_links":{"self":[{"href":"https:\/\/hubintellectual.com\/index.php\/wp-json\/wp\/v2\/pages\/100","targetHints":{"allow":["GET"]}}],"collection":[{"href":"https:\/\/hubintellectual.com\/index.php\/wp-json\/wp\/v2\/pages"}],"about":[{"href":"https:\/\/hubintellectual.com\/index.php\/wp-json\/wp\/v2\/types\/page"}],"author":[{"embeddable":true,"href":"https:\/\/hubintellectual.com\/index.php\/wp-json\/wp\/v2\/users\/2"}],"replies":[{"embeddable":true,"href":"https:\/\/hubintellectual.com\/index.php\/wp-json\/wp\/v2\/comments?post=100"}],"version-history":[{"count":1,"href":"https:\/\/hubintellectual.com\/index.php\/wp-json\/wp\/v2\/pages\/100\/revisions"}],"predecessor-version":[{"id":103,"href":"https:\/\/hubintellectual.com\/index.php\/wp-json\/wp\/v2\/pages\/100\/revisions\/103"}],"wp:attachment":[{"href":"https:\/\/hubintellectual.com\/index.php\/wp-json\/wp\/v2\/media?parent=100"}],"curies":[{"name":"wp","href":"https:\/\/api.w.org\/{rel}","templated":true}]}}